{"id":142,"date":"2021-06-18T17:50:04","date_gmt":"2021-06-18T17:50:04","guid":{"rendered":"https:\/\/bilharespaiva.com.br\/catalogo\/?post_type=product&#038;p=142"},"modified":"2021-06-25T17:39:00","modified_gmt":"2021-06-25T17:39:00","slug":"mesa-de-bilhar-modelo-luxo-de-gaveta","status":"publish","type":"product","link":"https:\/\/bilharespaiva.com.br\/catalogo\/produto\/mesa-de-bilhar-modelo-luxo-de-gaveta\/","title":{"rendered":"Mesa de Bilhar Modelo Luxo de Gaveta"},"content":{"rendered":"<p><strong>Medida:<\/strong> externa 2,40 m x 1,40<br \/>\n<strong>Medida:<\/strong> interna 2,17&#215;1, 17<br \/>\n<strong>Espa\u00e7o necess\u00e1rio:<\/strong> 7.0 x 6.0<br \/>\n<strong>Peso Bruto:<\/strong> 300 kg aproximadamente<br \/>\n<strong>Estrutura:<\/strong> Pedra ard\u00f3sia inteira<\/p>\n","protected":false},"excerpt":{"rendered":"<p>Medida: externa 2,40 m x 1,40 Medida: interna 2,17&#215;1, 17 Espa\u00e7o necess\u00e1rio: 7.0 x 6.0 Peso Bruto: 300 kg aproximadamente Estrutura: Pedra ard\u00f3sia inteira<\/p>\n","protected":false},"featured_media":143,"comment_status":"open","ping_status":"closed","template":"","meta":[],"product_cat":[18],"product_tag":[],"class_list":["post-142","product","type-product","status-publish","has-post-thumbnail","hentry","product_cat-bilhar-snooker-sinuca"],"_links":{"self":[{"href":"https:\/\/bilharespaiva.com.br\/catalogo\/wp-json\/wp\/v2\/product\/142","targetHints":{"allow":["GET"]}}],"collection":[{"href":"https:\/\/bilharespaiva.com.br\/catalogo\/wp-json\/wp\/v2\/product"}],"about":[{"href":"https:\/\/bilharespaiva.com.br\/catalogo\/wp-json\/wp\/v2\/types\/product"}],"replies":[{"embeddable":true,"href":"https:\/\/bilharespaiva.com.br\/catalogo\/wp-json\/wp\/v2\/comments?post=142"}],"wp:featuredmedia":[{"embeddable":true,"href":"https:\/\/bilharespaiva.com.br\/catalogo\/wp-json\/wp\/v2\/media\/143"}],"wp:attachment":[{"href":"https:\/\/bilharespaiva.com.br\/catalogo\/wp-json\/wp\/v2\/media?parent=142"}],"wp:term":[{"taxonomy":"product_cat","embeddable":true,"href":"https:\/\/bilharespaiva.com.br\/catalogo\/wp-json\/wp\/v2\/product_cat?post=142"},{"taxonomy":"product_tag","embeddable":true,"href":"https:\/\/bilharespaiva.com.br\/catalogo\/wp-json\/wp\/v2\/product_tag?post=142"}],"curies":[{"name":"wp","href":"https:\/\/api.w.org\/{rel}","templated":true}]}}