{"id":131,"date":"2021-06-18T17:41:03","date_gmt":"2021-06-18T17:41:03","guid":{"rendered":"https:\/\/bilharespaiva.com.br\/catalogo\/?post_type=product&#038;p=131"},"modified":"2021-06-25T17:39:00","modified_gmt":"2021-06-25T17:39:00","slug":"mesa-de-bilhar-residencial-4","status":"publish","type":"product","link":"https:\/\/bilharespaiva.com.br\/catalogo\/produto\/mesa-de-bilhar-residencial-4\/","title":{"rendered":"Mesa de Bilhar Residencial"},"content":{"rendered":"<p><strong>Modelo:<\/strong> Mesa de Bilhar residencial com gaveta e ca\u00e7apa de alumino<br \/>\n<strong>Medida:<\/strong> 2,20&#215;1,20&#215;0,85 ou 1,90&#215;1,10&#215;0,85<br \/>\n<strong>Material:<\/strong> Tampo pedra ard\u00f3sia<br \/>\n<strong>Estrutura:<\/strong> Madeira cor clara verniz<br \/>\n<strong>Peso Bruto:<\/strong> 180 kg aproximadamente<br \/>\n<strong>Acess\u00f3rios:<\/strong> 4 Tacos, 1 Taqueira, 1 Por\u00e7\u00e3o de Giz e 1 Jogo de bola.<\/p>\n","protected":false},"excerpt":{"rendered":"<p>Modelo: Mesa de Bilhar residencial com gaveta e ca\u00e7apa de alumino Medida: 2,20&#215;1,20&#215;0,85 ou 1,90&#215;1,10&#215;0,85 Material: Tampo pedra ard\u00f3sia Estrutura: Madeira cor clara verniz Peso Bruto: 180 kg aproximadamente Acess\u00f3rios: 4 Tacos, 1 Taqueira, 1 Por\u00e7\u00e3o de Giz e 1 Jogo de bola.<\/p>\n","protected":false},"featured_media":132,"comment_status":"open","ping_status":"closed","template":"","meta":[],"product_cat":[18],"product_tag":[],"class_list":["post-131","product","type-product","status-publish","has-post-thumbnail","hentry","product_cat-bilhar-snooker-sinuca"],"_links":{"self":[{"href":"https:\/\/bilharespaiva.com.br\/catalogo\/wp-json\/wp\/v2\/product\/131","targetHints":{"allow":["GET"]}}],"collection":[{"href":"https:\/\/bilharespaiva.com.br\/catalogo\/wp-json\/wp\/v2\/product"}],"about":[{"href":"https:\/\/bilharespaiva.com.br\/catalogo\/wp-json\/wp\/v2\/types\/product"}],"replies":[{"embeddable":true,"href":"https:\/\/bilharespaiva.com.br\/catalogo\/wp-json\/wp\/v2\/comments?post=131"}],"wp:featuredmedia":[{"embeddable":true,"href":"https:\/\/bilharespaiva.com.br\/catalogo\/wp-json\/wp\/v2\/media\/132"}],"wp:attachment":[{"href":"https:\/\/bilharespaiva.com.br\/catalogo\/wp-json\/wp\/v2\/media?parent=131"}],"wp:term":[{"taxonomy":"product_cat","embeddable":true,"href":"https:\/\/bilharespaiva.com.br\/catalogo\/wp-json\/wp\/v2\/product_cat?post=131"},{"taxonomy":"product_tag","embeddable":true,"href":"https:\/\/bilharespaiva.com.br\/catalogo\/wp-json\/wp\/v2\/product_tag?post=131"}],"curies":[{"name":"wp","href":"https:\/\/api.w.org\/{rel}","templated":true}]}}