{"id":124,"date":"2021-06-18T17:36:07","date_gmt":"2021-06-18T17:36:07","guid":{"rendered":"https:\/\/bilharespaiva.com.br\/catalogo\/?post_type=product&#038;p=124"},"modified":"2021-06-25T17:39:00","modified_gmt":"2021-06-25T17:39:00","slug":"mesa-de-bilhar-residencial","status":"publish","type":"product","link":"https:\/\/bilharespaiva.com.br\/catalogo\/produto\/mesa-de-bilhar-residencial\/","title":{"rendered":"Mesa de Bilhar Residencial"},"content":{"rendered":"<p><strong>Modelo:<\/strong> Mesa de bilhar residencial ca\u00e7apa de alum\u00ednio modelo luxo<br \/>\n<strong>Medida:<\/strong> 2,20 x 1,20 x 0,90<br \/>\n<strong>Material:<\/strong> Tampo pedra ard\u00f3sia<br \/>\n<strong>Estrutura:<\/strong> Madeira<br \/>\n<strong>Peso Bruto:<\/strong> 200 kg aproximadamente<br \/>\n<strong>Acess\u00f3rios kit de brinde contendo:<\/strong> 4 tacos,1 triangulo,1por\u00e7\u00e3o de giz e 1 jogo de bola<\/p>\n","protected":false},"excerpt":{"rendered":"<p>Modelo: Mesa de bilhar residencial ca\u00e7apa de alum\u00ednio modelo luxo Medida: 2,20 x 1,20 x 0,90 Material: Tampo pedra ard\u00f3sia Estrutura: Madeira Peso Bruto: 200 kg aproximadamente Acess\u00f3rios kit de brinde contendo: 4 tacos,1 triangulo,1por\u00e7\u00e3o de giz e 1 jogo de bola<\/p>\n","protected":false},"featured_media":125,"comment_status":"open","ping_status":"closed","template":"","meta":[],"product_cat":[18],"product_tag":[],"class_list":["post-124","product","type-product","status-publish","has-post-thumbnail","hentry","product_cat-bilhar-snooker-sinuca"],"_links":{"self":[{"href":"https:\/\/bilharespaiva.com.br\/catalogo\/wp-json\/wp\/v2\/product\/124","targetHints":{"allow":["GET"]}}],"collection":[{"href":"https:\/\/bilharespaiva.com.br\/catalogo\/wp-json\/wp\/v2\/product"}],"about":[{"href":"https:\/\/bilharespaiva.com.br\/catalogo\/wp-json\/wp\/v2\/types\/product"}],"replies":[{"embeddable":true,"href":"https:\/\/bilharespaiva.com.br\/catalogo\/wp-json\/wp\/v2\/comments?post=124"}],"wp:featuredmedia":[{"embeddable":true,"href":"https:\/\/bilharespaiva.com.br\/catalogo\/wp-json\/wp\/v2\/media\/125"}],"wp:attachment":[{"href":"https:\/\/bilharespaiva.com.br\/catalogo\/wp-json\/wp\/v2\/media?parent=124"}],"wp:term":[{"taxonomy":"product_cat","embeddable":true,"href":"https:\/\/bilharespaiva.com.br\/catalogo\/wp-json\/wp\/v2\/product_cat?post=124"},{"taxonomy":"product_tag","embeddable":true,"href":"https:\/\/bilharespaiva.com.br\/catalogo\/wp-json\/wp\/v2\/product_tag?post=124"}],"curies":[{"name":"wp","href":"https:\/\/api.w.org\/{rel}","templated":true}]}}