{"id":114,"date":"2021-06-18T17:24:41","date_gmt":"2021-06-18T17:24:41","guid":{"rendered":"https:\/\/bilharespaiva.com.br\/catalogo\/?post_type=product&#038;p=114"},"modified":"2022-07-24T16:11:59","modified_gmt":"2022-07-24T16:11:59","slug":"mesa-de-bilhar-para-adulto-2","status":"publish","type":"product","link":"https:\/\/bilharespaiva.com.br\/catalogo\/produto\/mesa-de-bilhar-para-adulto-2\/","title":{"rendered":"Mesa de Bilhar Para Adulto"},"content":{"rendered":"<p><strong>Modelo:<\/strong> Mesa de bilhar com redinha<br \/>\n<strong>Medida: 2,20 x 1,20 x 0,85 <\/strong><br \/>\n<strong>Material:<\/strong> Tampo pedra ard\u00f3sia<br \/>\n<strong>Estrutura:<\/strong> Madeira<br \/>\n<strong>Peso Bruto:<\/strong> 200 kg aprox.<br \/>\n<strong>Acess\u00f3rios kit de brinde contendo: <\/strong>4 Tacos,1 Taqueira,1Por\u00e7\u00e3o de giz e 1 Jogo de bola<\/p>\n<p>_______________________________<\/p>\n<p><strong>Modelo:<\/strong> Mesa de Bilhar com redinha<br \/>\n<strong>Medida: 1,90 x 1,10 x 0,85<\/strong><br \/>\n<strong>Material:<\/strong> Tampo pedra ard\u00f3sia<br \/>\n<strong>Peso Bruto:<\/strong> 180 kg aproximadamente<br \/>\n<strong>Acess\u00f3rios Kit de brinde contendo:<\/strong> 4 Tacos,1 Taqueira,1Por\u00e7\u00e3o de giz e 1 Jogo de<br \/>\nbola<\/p>\n","protected":false},"excerpt":{"rendered":"<p>Modelo: Mesa de bilhar com redinha Medida: 2,20 x 1,20 x 0,85 Material: Tampo pedra ard\u00f3sia Estrutura: Madeira Peso Bruto: 200 kg aprox. Acess\u00f3rios kit de brinde contendo: 4 Tacos,1 Taqueira,1Por\u00e7\u00e3o de giz e 1 Jogo de bola _______________________________ Modelo: Mesa de Bilhar com redinha Medida: 1,90 x 1,10 x 0,85 Material: Tampo pedra ard\u00f3sia [&hellip;]<\/p>\n","protected":false},"featured_media":115,"comment_status":"open","ping_status":"closed","template":"","meta":[],"product_cat":[18],"product_tag":[],"class_list":["post-114","product","type-product","status-publish","has-post-thumbnail","hentry","product_cat-bilhar-snooker-sinuca"],"_links":{"self":[{"href":"https:\/\/bilharespaiva.com.br\/catalogo\/wp-json\/wp\/v2\/product\/114","targetHints":{"allow":["GET"]}}],"collection":[{"href":"https:\/\/bilharespaiva.com.br\/catalogo\/wp-json\/wp\/v2\/product"}],"about":[{"href":"https:\/\/bilharespaiva.com.br\/catalogo\/wp-json\/wp\/v2\/types\/product"}],"replies":[{"embeddable":true,"href":"https:\/\/bilharespaiva.com.br\/catalogo\/wp-json\/wp\/v2\/comments?post=114"}],"wp:featuredmedia":[{"embeddable":true,"href":"https:\/\/bilharespaiva.com.br\/catalogo\/wp-json\/wp\/v2\/media\/115"}],"wp:attachment":[{"href":"https:\/\/bilharespaiva.com.br\/catalogo\/wp-json\/wp\/v2\/media?parent=114"}],"wp:term":[{"taxonomy":"product_cat","embeddable":true,"href":"https:\/\/bilharespaiva.com.br\/catalogo\/wp-json\/wp\/v2\/product_cat?post=114"},{"taxonomy":"product_tag","embeddable":true,"href":"https:\/\/bilharespaiva.com.br\/catalogo\/wp-json\/wp\/v2\/product_tag?post=114"}],"curies":[{"name":"wp","href":"https:\/\/api.w.org\/{rel}","templated":true}]}}