{"id":110,"date":"2021-06-18T17:18:27","date_gmt":"2021-06-18T17:18:27","guid":{"rendered":"https:\/\/bilharespaiva.com.br\/catalogo\/?post_type=product&#038;p=110"},"modified":"2021-06-25T17:39:01","modified_gmt":"2021-06-25T17:39:01","slug":"mesa-de-bilhar-infantil","status":"publish","type":"product","link":"https:\/\/bilharespaiva.com.br\/catalogo\/produto\/mesa-de-bilhar-infantil\/","title":{"rendered":"Mesa de Bilhar Infantil"},"content":{"rendered":"<p><strong>Modelo:<\/strong> Mesa de bilhar com redinha<br \/>\n<strong>Medida:<\/strong> 1,70 x 0,95 x 0,78<br \/>\n<strong>Material:<\/strong> Tampo MDF<br \/>\n<strong>Estrutura:<\/strong> Madeira, Pano verde<br \/>\n<strong>Peso Bruto:<\/strong> 40 kg aproximadamente<br \/>\n<strong>Acess\u00f3rios kit de brinde contendo:<\/strong> 2 Tacos,1 Por\u00e7\u00e3o de giz e 1 Jogo de bola<\/p>\n","protected":false},"excerpt":{"rendered":"<p>Modelo: Mesa de bilhar com redinha Medida: 1,70 x 0,95 x 0,78 Material: Tampo MDF Estrutura: Madeira, Pano verde Peso Bruto: 40 kg aproximadamente Acess\u00f3rios kit de brinde contendo: 2 Tacos,1 Por\u00e7\u00e3o de giz e 1 Jogo de bola<\/p>\n","protected":false},"featured_media":54,"comment_status":"open","ping_status":"closed","template":"","meta":[],"product_cat":[18],"product_tag":[],"class_list":["post-110","product","type-product","status-publish","has-post-thumbnail","hentry","product_cat-bilhar-snooker-sinuca"],"_links":{"self":[{"href":"https:\/\/bilharespaiva.com.br\/catalogo\/wp-json\/wp\/v2\/product\/110","targetHints":{"allow":["GET"]}}],"collection":[{"href":"https:\/\/bilharespaiva.com.br\/catalogo\/wp-json\/wp\/v2\/product"}],"about":[{"href":"https:\/\/bilharespaiva.com.br\/catalogo\/wp-json\/wp\/v2\/types\/product"}],"replies":[{"embeddable":true,"href":"https:\/\/bilharespaiva.com.br\/catalogo\/wp-json\/wp\/v2\/comments?post=110"}],"wp:featuredmedia":[{"embeddable":true,"href":"https:\/\/bilharespaiva.com.br\/catalogo\/wp-json\/wp\/v2\/media\/54"}],"wp:attachment":[{"href":"https:\/\/bilharespaiva.com.br\/catalogo\/wp-json\/wp\/v2\/media?parent=110"}],"wp:term":[{"taxonomy":"product_cat","embeddable":true,"href":"https:\/\/bilharespaiva.com.br\/catalogo\/wp-json\/wp\/v2\/product_cat?post=110"},{"taxonomy":"product_tag","embeddable":true,"href":"https:\/\/bilharespaiva.com.br\/catalogo\/wp-json\/wp\/v2\/product_tag?post=110"}],"curies":[{"name":"wp","href":"https:\/\/api.w.org\/{rel}","templated":true}]}}